{"id":1448,"date":"2026-02-25T07:58:30","date_gmt":"2026-02-25T07:58:30","guid":{"rendered":"https:\/\/daniel.halsuanmetsastysseura.fi\/home\/"},"modified":"2026-04-14T15:33:26","modified_gmt":"2026-04-14T15:33:26","slug":"home","status":"publish","type":"page","link":"https:\/\/daniel.halsuanmetsastysseura.fi\/","title":{"rendered":"Home"},"content":{"rendered":"\t\t<div data-elementor-type=\"wp-page\" data-elementor-id=\"1448\" class=\"elementor elementor-1448\">\n\t\t\t\t<div class=\"elementor-element elementor-element-9783628 e-flex e-con-boxed e-con e-parent\" data-id=\"9783628\" data-element_type=\"container\" data-e-type=\"container\" id=\"home-header\" data-settings=\"{&quot;background_background&quot;:&quot;classic&quot;}\">\n\t\t\t\t\t<div class=\"e-con-inner\">\n\t\t<div class=\"elementor-element elementor-element-05ba369 e-con-full e-flex e-con e-child\" data-id=\"05ba369\" data-element_type=\"container\" data-e-type=\"container\">\n\t\t\t\t<div class=\"elementor-element elementor-element-5117318 elementor-widget elementor-widget-spacer\" data-id=\"5117318\" data-element_type=\"widget\" data-e-type=\"widget\" data-widget_type=\"spacer.default\">\n\t\t\t\t<div class=\"elementor-widget-container\">\n\t\t\t\t\t\t\t<div class=\"elementor-spacer\">\n\t\t\t<div class=\"elementor-spacer-inner\"><\/div>\n\t\t<\/div>\n\t\t\t\t\t\t<\/div>\n\t\t\t\t<\/div>\n\t\t\t\t<div class=\"elementor-element elementor-element-c861921 heading-title elementor-widget elementor-widget-heading\" data-id=\"c861921\" data-element_type=\"widget\" data-e-type=\"widget\" data-widget_type=\"heading.default\">\n\t\t\t\t<div class=\"elementor-widget-container\">\n\t\t\t\t\t<h1 class=\"elementor-heading-title elementor-size-default\">HALSUAN METS\u00c4STYSSEURA RY<\/h1>\t\t\t\t<\/div>\n\t\t\t\t<\/div>\n\t\t\t\t<\/div>\n\t\t\t\t\t<\/div>\n\t\t\t\t<\/div>\n\t\t<div class=\"elementor-element elementor-element-84c8f24 e-flex e-con-boxed e-con e-parent\" data-id=\"84c8f24\" data-element_type=\"container\" data-e-type=\"container\" id=\"top-section\" data-settings=\"{&quot;background_background&quot;:&quot;classic&quot;}\">\n\t\t\t\t\t<div class=\"e-con-inner\">\n\t\t\t\t<div class=\"elementor-element elementor-element-1db0300 elementor-widget elementor-widget-text-editor\" data-id=\"1db0300\" data-element_type=\"widget\" data-e-type=\"widget\" id=\"news-editing\" data-widget_type=\"text-editor.default\">\n\t\t\t\t<div class=\"elementor-widget-container\">\n\t\t\t\t\t\t\t\t\t<div id = \"news-handling\">\n<h2>ILMOITUSTEN LIS\u00c4\u00c4MINEN<\/h2>\n<form id=\"news-form\" class=\"news-form\">\n<label>P\u00e4iv\u00e4m\u00e4\u00e4r\u00e4<\/label>\n<div class=\"date-row\">\n  <select id=\"news-day\"><\/select>\n  <select id=\"news-month\"><\/select>\n  <select id=\"news-year\"><\/select>\n<\/div>\n<div class=\"time-toggle\"><label>\n<input id=\"toggle-time\" type=\"checkbox\" \/>\nLis\u00e4\u00e4 aika\n<\/label><\/div>\n<div id=\"time-wrapper\" style=\"display: none;\"><label>Aika<\/label>\n<input id=\"news-time\" type=\"time\" \/><\/div>\n<label>Otsikko<\/label>\n<input id=\"news-title\" required=\"\" type=\"text\" \/>\n\n<label>Sis\u00e4lt\u00f6<\/label>\n<textarea id=\"news-content\" required=\"\" rows=\"5\"><\/textarea>\n<div class=\"form-buttons\"><button id=\"create-btn\" type=\"submit\">Lis\u00e4\u00e4<\/button>\n<div class=\"edit-buttons\" style=\"display: none;\"><button id=\"edit-btn\" type=\"submit\">Muokkaa<\/button>\n<button id=\"cancel-edit\" type=\"button\">Poistu<\/button><\/div>\n<\/div>\n<\/form>\n<\/div>\t\t\t\t\t\t\t\t<\/div>\n\t\t\t\t<\/div>\n\t\t\t\t<div class=\"elementor-element elementor-element-aa14c7b elementor-widget elementor-widget-html\" data-id=\"aa14c7b\" data-element_type=\"widget\" data-e-type=\"widget\" data-widget_type=\"html.default\">\n\t\t\t\t<div class=\"elementor-widget-container\">\n\t\t\t\t\t<div id=news-container><\/div>\t\t\t\t<\/div>\n\t\t\t\t<\/div>\n\t\t\t\t\t<\/div>\n\t\t\t\t<\/div>\n\t\t<div class=\"elementor-element elementor-element-dc4d543 e-flex e-con-boxed e-con e-parent\" data-id=\"dc4d543\" data-element_type=\"container\" data-e-type=\"container\" id=\"middle-section\" data-settings=\"{&quot;background_background&quot;:&quot;classic&quot;}\">\n\t\t\t\t\t<div class=\"e-con-inner\">\n\t\t<a class=\"elementor-element elementor-element-37f0b92 e-con-full e-flex e-con e-child\" data-id=\"37f0b92\" data-element_type=\"container\" data-e-type=\"container\" id=\"left-picture\" data-settings=\"{&quot;background_background&quot;:&quot;classic&quot;}\" href=\"\/metsastys\/\">\n\t\t\t\t<div class=\"elementor-element elementor-element-b82a2ca elementor-widget elementor-widget-image\" data-id=\"b82a2ca\" data-element_type=\"widget\" data-e-type=\"widget\" data-widget_type=\"image.default\">\n\t\t\t\t<div class=\"elementor-widget-container\">\n\t\t\t\t\t\t\t\t\t\t\t\t\t\t\t<img fetchpriority=\"high\" decoding=\"async\" width=\"1024\" height=\"1536\" src=\"https:\/\/daniel.halsuanmetsastysseura.fi\/wp-content\/uploads\/2026\/02\/ChatGPT-Image-Feb-25-2026-10_54_42-AM.png\" class=\"attachment-full size-full wp-image-2513\" alt=\"chatgpt image feb 25, 2026, 10 54 42 am\" srcset=\"https:\/\/daniel.halsuanmetsastysseura.fi\/wp-content\/uploads\/2026\/02\/ChatGPT-Image-Feb-25-2026-10_54_42-AM.png 1024w, https:\/\/daniel.halsuanmetsastysseura.fi\/wp-content\/uploads\/2026\/02\/ChatGPT-Image-Feb-25-2026-10_54_42-AM-200x300.png 200w, https:\/\/daniel.halsuanmetsastysseura.fi\/wp-content\/uploads\/2026\/02\/ChatGPT-Image-Feb-25-2026-10_54_42-AM-683x1024.png 683w, https:\/\/daniel.halsuanmetsastysseura.fi\/wp-content\/uploads\/2026\/02\/ChatGPT-Image-Feb-25-2026-10_54_42-AM-768x1152.png 768w\" sizes=\"(max-width: 1024px) 100vw, 1024px\" title=\"Home\">\t\t\t\t\t\t\t\t\t\t\t\t\t\t\t<\/div>\n\t\t\t\t<\/div>\n\t\t\t\t<div class=\"elementor-element elementor-element-7d03874 elementor-widget elementor-widget-hfe-infocard\" data-id=\"7d03874\" data-element_type=\"widget\" data-e-type=\"widget\" data-widget_type=\"hfe-infocard.default\">\n\t\t\t\t<div class=\"elementor-widget-container\">\n\t\t\t\t\t\n\t\t<div class=\"hfe-infocard\">\n\t\t\t\t\t\t\t\t\t<div class=\"hfe-infocard-title-wrap\">\n\t\t\t\t<h4 class=\"hfe-infocard-title elementor-inline-editing\" data-elementor-setting-key=\"infocard_title\" data-elementor-inline-editing-toolbar=\"basic\" >Mets\u00e4stys<\/h4>\t\t\t<\/div>\n\t\t\t\t\t\t<div class=\"hfe-infocard-text-wrap\">\n\t\t\t\t<div class=\"hfe-infocard-text elementor-inline-editing\" data-elementor-setting-key=\"infocard_description\" data-elementor-inline-editing-toolbar=\"advanced\">\n\t\t\t\t\tSeura j\u00e4rjest\u00e4\u00e4 j\u00e4senilleen mets\u00e4styst\u00e4 ja yhteisi\u00e4 tapahtumia. Toiminnan tavoitteena on vastuullinen mets\u00e4stys sek\u00e4 luonnon ja riistakantojen kunnioittaminen.\t\t\t\t<\/div>\n\t\t\t\t\t\t\t<\/div>\n\t\t<\/div>\n\n\t\t\t\t\t\t<\/div>\n\t\t\t\t<\/div>\n\t\t\t\t<\/a>\n\t\t<a class=\"elementor-element elementor-element-781bb8f e-con-full e-flex e-con e-child\" data-id=\"781bb8f\" data-element_type=\"container\" data-e-type=\"container\" id=\"center-picture\" href=\"\/seura\/\">\n\t\t\t\t<div class=\"elementor-element elementor-element-f9ec8cb elementor-widget elementor-widget-image\" data-id=\"f9ec8cb\" data-element_type=\"widget\" data-e-type=\"widget\" data-widget_type=\"image.default\">\n\t\t\t\t<div class=\"elementor-widget-container\">\n\t\t\t\t\t\t\t\t\t\t\t\t\t\t\t<img decoding=\"async\" width=\"1024\" height=\"1536\" src=\"https:\/\/daniel.halsuanmetsastysseura.fi\/wp-content\/uploads\/2026\/02\/ChatGPT-Image-Feb-25-2026-10_58_18-AM.png\" class=\"attachment-full size-full wp-image-2514\" alt=\"chatgpt image feb 25, 2026, 10 58 18 am\" srcset=\"https:\/\/daniel.halsuanmetsastysseura.fi\/wp-content\/uploads\/2026\/02\/ChatGPT-Image-Feb-25-2026-10_58_18-AM.png 1024w, https:\/\/daniel.halsuanmetsastysseura.fi\/wp-content\/uploads\/2026\/02\/ChatGPT-Image-Feb-25-2026-10_58_18-AM-200x300.png 200w, https:\/\/daniel.halsuanmetsastysseura.fi\/wp-content\/uploads\/2026\/02\/ChatGPT-Image-Feb-25-2026-10_58_18-AM-683x1024.png 683w, https:\/\/daniel.halsuanmetsastysseura.fi\/wp-content\/uploads\/2026\/02\/ChatGPT-Image-Feb-25-2026-10_58_18-AM-768x1152.png 768w\" sizes=\"(max-width: 1024px) 100vw, 1024px\" title=\"Home\">\t\t\t\t\t\t\t\t\t\t\t\t\t\t\t<\/div>\n\t\t\t\t<\/div>\n\t\t\t\t<div class=\"elementor-element elementor-element-f1efdb7 elementor-widget elementor-widget-hfe-infocard\" data-id=\"f1efdb7\" data-element_type=\"widget\" data-e-type=\"widget\" data-widget_type=\"hfe-infocard.default\">\n\t\t\t\t<div class=\"elementor-widget-container\">\n\t\t\t\t\t\n\t\t<div class=\"hfe-infocard\">\n\t\t\t\t\t\t\t\t\t<div class=\"hfe-infocard-title-wrap\">\n\t\t\t\t<h4 class=\"hfe-infocard-title elementor-inline-editing\" data-elementor-setting-key=\"infocard_title\" data-elementor-inline-editing-toolbar=\"basic\" >Seura<\/h4>\t\t\t<\/div>\n\t\t\t\t\t\t<div class=\"hfe-infocard-text-wrap\">\n\t\t\t\t<div class=\"hfe-infocard-text elementor-inline-editing\" data-elementor-setting-key=\"infocard_description\" data-elementor-inline-editing-toolbar=\"advanced\">\n\t\t\t\t\tT\u00e4\u00e4lt\u00e4 l\u00f6yd\u00e4t tietoa seurasta, toiminnasta ja j\u00e4senyydest\u00e4. Seura tarjoaa j\u00e4senilleen mahdollisuuden osallistua tapahtumiin ja yhteiseen toimintaan.\t\t\t\t<\/div>\n\t\t\t\t\t\t\t<\/div>\n\t\t<\/div>\n\n\t\t\t\t\t\t<\/div>\n\t\t\t\t<\/div>\n\t\t\t\t<\/a>\n\t\t<a class=\"elementor-element elementor-element-bd4315a e-con-full e-flex e-con e-child\" data-id=\"bd4315a\" data-element_type=\"container\" data-e-type=\"container\" id=\"right-picture\" href=\"\/kilpailut-ja-palkitut\/\">\n\t\t\t\t<div class=\"elementor-element elementor-element-e34e69c elementor-widget elementor-widget-image\" data-id=\"e34e69c\" data-element_type=\"widget\" data-e-type=\"widget\" data-widget_type=\"image.default\">\n\t\t\t\t<div class=\"elementor-widget-container\">\n\t\t\t\t\t\t\t\t\t\t\t\t\t\t\t<img decoding=\"async\" width=\"1024\" height=\"1536\" src=\"https:\/\/daniel.halsuanmetsastysseura.fi\/wp-content\/uploads\/2026\/02\/ChatGPT-Image-Feb-25-2026-10_59_13-AM.png\" class=\"attachment-full size-full wp-image-2515\" alt=\"chatgpt image feb 25, 2026, 10 59 13 am\" srcset=\"https:\/\/daniel.halsuanmetsastysseura.fi\/wp-content\/uploads\/2026\/02\/ChatGPT-Image-Feb-25-2026-10_59_13-AM.png 1024w, https:\/\/daniel.halsuanmetsastysseura.fi\/wp-content\/uploads\/2026\/02\/ChatGPT-Image-Feb-25-2026-10_59_13-AM-200x300.png 200w, https:\/\/daniel.halsuanmetsastysseura.fi\/wp-content\/uploads\/2026\/02\/ChatGPT-Image-Feb-25-2026-10_59_13-AM-683x1024.png 683w, https:\/\/daniel.halsuanmetsastysseura.fi\/wp-content\/uploads\/2026\/02\/ChatGPT-Image-Feb-25-2026-10_59_13-AM-768x1152.png 768w\" sizes=\"(max-width: 1024px) 100vw, 1024px\" title=\"Home\">\t\t\t\t\t\t\t\t\t\t\t\t\t\t\t<\/div>\n\t\t\t\t<\/div>\n\t\t\t\t<div class=\"elementor-element elementor-element-0a5dc9e elementor-widget elementor-widget-hfe-infocard\" data-id=\"0a5dc9e\" data-element_type=\"widget\" data-e-type=\"widget\" data-widget_type=\"hfe-infocard.default\">\n\t\t\t\t<div class=\"elementor-widget-container\">\n\t\t\t\t\t\n\t\t<div class=\"hfe-infocard\">\n\t\t\t\t\t\t\t\t\t<div class=\"hfe-infocard-title-wrap\">\n\t\t\t\t<h4 class=\"hfe-infocard-title elementor-inline-editing\" data-elementor-setting-key=\"infocard_title\" data-elementor-inline-editing-toolbar=\"basic\" >Kilpailut ja palkitut<\/h4>\t\t\t<\/div>\n\t\t\t\t\t\t<div class=\"hfe-infocard-text-wrap\">\n\t\t\t\t<div class=\"hfe-infocard-text elementor-inline-editing\" data-elementor-setting-key=\"infocard_description\" data-elementor-inline-editing-toolbar=\"advanced\">\n\t\t\t\t\tSeura j\u00e4rjest\u00e4\u00e4 kilpailuja ja tapahtumia j\u00e4senilleen. T\u00e4\u00e4lt\u00e4 l\u00f6yd\u00e4t tietoa tuloksista, palkituista sek\u00e4 seuran saavutuksista.\t\t\t\t<\/div>\n\t\t\t\t\t\t\t<\/div>\n\t\t<\/div>\n\n\t\t\t\t\t\t<\/div>\n\t\t\t\t<\/div>\n\t\t\t\t<\/a>\n\t\t\t\t\t<\/div>\n\t\t\t\t<\/div>\n\t\t<div class=\"elementor-element elementor-element-79c45e3 e-flex e-con-boxed e-con e-parent\" data-id=\"79c45e3\" data-element_type=\"container\" data-e-type=\"container\" id=\"bottom-section\" data-settings=\"{&quot;background_background&quot;:&quot;classic&quot;}\">\n\t\t\t\t\t<div class=\"e-con-inner\">\n\t\t<div class=\"elementor-element elementor-element-e5856a5 e-con-full e-flex e-con e-child\" data-id=\"e5856a5\" data-element_type=\"container\" data-e-type=\"container\" id=\"about-text\">\n\t\t\t\t<div class=\"elementor-element elementor-element-b51a198 elementor-widget elementor-widget-hfe-infocard\" data-id=\"b51a198\" data-element_type=\"widget\" data-e-type=\"widget\" data-widget_type=\"hfe-infocard.default\">\n\t\t\t\t<div class=\"elementor-widget-container\">\n\t\t\t\t\t\n\t\t<div class=\"hfe-infocard\">\n\t\t\t\t\t\t\t\t\t<div class=\"hfe-infocard-title-wrap\">\n\t\t\t\t<h2 class=\"hfe-infocard-title elementor-inline-editing\" data-elementor-setting-key=\"infocard_title\" data-elementor-inline-editing-toolbar=\"basic\" >TIETOA MEIST\u00c4<\/h2>\t\t\t<\/div>\n\t\t\t\t\t\t<div class=\"hfe-infocard-text-wrap\">\n\t\t\t\t<div class=\"hfe-infocard-text elementor-inline-editing\" data-elementor-setting-key=\"infocard_description\" data-elementor-inline-editing-toolbar=\"advanced\">\n\t\t\t\t\tHalsuan Mets\u00e4stysseura ry on vuonna 1946 perustettu mets\u00e4stysseura, jolla on k\u00e4yt\u00f6ss\u00e4\u00e4n noin 36 000 hehtaaria mets\u00e4stysmaita ja noin 370 j\u00e4sent\u00e4. Seura toimii aktiivisesti riistanhoidon, mets\u00e4styksen ja kenneltoiminnan parissa, ja alueella esiintyy monipuolinen riistakanta.\nHirvijahti on keskeinen osa toimintaa, mutta my\u00f6s pienriistakannat ovat viime vuosina elpyneet. Seura tunnetaan aktiivisesta toiminnastaan ja yhteis\u00f6llisyydest\u00e4\u00e4n.\t\t\t\t<\/div>\n\t\t\t\t\t\t\t<\/div>\n\t\t<\/div>\n\n\t\t\t\t\t\t<\/div>\n\t\t\t\t<\/div>\n\t\t\t\t<\/div>\n\t\t<div class=\"elementor-element elementor-element-52da0ea e-con-full e-flex e-con e-child\" data-id=\"52da0ea\" data-element_type=\"container\" data-e-type=\"container\">\n\t\t\t\t<div class=\"elementor-element elementor-element-5ee262f elementor-widget elementor-widget-image\" data-id=\"5ee262f\" data-element_type=\"widget\" data-e-type=\"widget\" id=\"about-image\" data-widget_type=\"image.default\">\n\t\t\t\t<div class=\"elementor-widget-container\">\n\t\t\t\t\t\t\t\t\t\t\t\t\t\t\t<img loading=\"lazy\" decoding=\"async\" width=\"512\" height=\"384\" src=\"https:\/\/daniel.halsuanmetsastysseura.fi\/wp-content\/uploads\/2026\/02\/palkitut24.jpg\" class=\"attachment-large size-large wp-image-2505\" alt=\"oplus 2\" srcset=\"https:\/\/daniel.halsuanmetsastysseura.fi\/wp-content\/uploads\/2026\/02\/palkitut24.jpg 512w, https:\/\/daniel.halsuanmetsastysseura.fi\/wp-content\/uploads\/2026\/02\/palkitut24-300x225.jpg 300w\" sizes=\"(max-width: 512px) 100vw, 512px\" title=\"Home\">\t\t\t\t\t\t\t\t\t\t\t\t\t\t\t<\/div>\n\t\t\t\t<\/div>\n\t\t\t\t<\/div>\n\t\t\t\t\t<\/div>\n\t\t\t\t<\/div>\n\t\t<div class=\"elementor-element elementor-element-7a7b871 footer e-flex e-con-boxed e-con e-parent\" data-id=\"7a7b871\" data-element_type=\"container\" data-e-type=\"container\" data-settings=\"{&quot;background_background&quot;:&quot;classic&quot;}\">\n\t\t\t\t\t<div class=\"e-con-inner\">\n\t\t<div class=\"elementor-element elementor-element-e29a3fa e-con-full e-flex e-con e-child\" data-id=\"e29a3fa\" data-element_type=\"container\" data-e-type=\"container\">\n\t\t\t\t<div class=\"elementor-element elementor-element-f180ac4 footer-text elementor-widget elementor-widget-hfe-infocard\" data-id=\"f180ac4\" data-element_type=\"widget\" data-e-type=\"widget\" data-widget_type=\"hfe-infocard.default\">\n\t\t\t\t<div class=\"elementor-widget-container\">\n\t\t\t\t\t\n\t\t<div class=\"hfe-infocard\">\n\t\t\t\t\t\t\t\t\t<div class=\"hfe-infocard-title-wrap\">\n\t\t\t\t<h2 class=\"hfe-infocard-title elementor-inline-editing\" data-elementor-setting-key=\"infocard_title\" data-elementor-inline-editing-toolbar=\"basic\" >ONKO SINULLA KYSYTT\u00c4V\u00c4\u00c4?<\/h2>\t\t\t<\/div>\n\t\t\t\t\t\t<div class=\"hfe-infocard-text-wrap\">\n\t\t\t\t<div class=\"hfe-infocard-text elementor-inline-editing\" data-elementor-setting-key=\"infocard_description\" data-elementor-inline-editing-toolbar=\"advanced\">\n\t\t\t\t\tOta rohkeasti yhteytt\u00e4 \u2013 autamme mielell\u00e4mme!\t\t\t\t<\/div>\n\t\t\t\t\t\t\t<\/div>\n\t\t<\/div>\n\n\t\t\t\t\t\t<\/div>\n\t\t\t\t<\/div>\n\t\t\t\t<div class=\"elementor-element elementor-element-491d02f elementor-align-center elementor-widget elementor-widget-button\" data-id=\"491d02f\" data-element_type=\"widget\" data-e-type=\"widget\" data-widget_type=\"button.default\">\n\t\t\t\t<div class=\"elementor-widget-container\">\n\t\t\t\t\t\t\t\t\t<div class=\"elementor-button-wrapper\">\n\t\t\t\t\t<a class=\"elementor-button elementor-button-link elementor-size-sm\" href=\"mailto:tpatana@halsuanmetsastysseura.fi?subject=Yhteydenotto&#038;body=Hei,%0A%0AOtin%20yhteytt\u00e4%20nettisivujen%20kautta...\">\n\t\t\t\t\t\t<span class=\"elementor-button-content-wrapper\">\n\t\t\t\t\t\t\t\t\t<span class=\"elementor-button-text\">Ota yhteytt\u00e4<\/span>\n\t\t\t\t\t<\/span>\n\t\t\t\t\t<\/a>\n\t\t\t\t<\/div>\n\t\t\t\t\t\t\t\t<\/div>\n\t\t\t\t<\/div>\n\t\t\t\t<\/div>\n\t\t\t\t\t<\/div>\n\t\t\t\t<\/div>\n\t\t\t\t<\/div>\n\t\t","protected":false},"excerpt":{"rendered":"<p>HALSUAN METS\u00c4STYSSEURA RY ILMOITUSTEN LIS\u00c4\u00c4MINEN P\u00e4iv\u00e4m\u00e4\u00e4r\u00e4 Lis\u00e4\u00e4 aika Aika Otsikko Sis\u00e4lt\u00f6 Lis\u00e4\u00e4 Muokkaa Poistu Mets\u00e4stys Seura j\u00e4rjest\u00e4\u00e4 j\u00e4senilleen mets\u00e4styst\u00e4 ja yhteisi\u00e4 tapahtumia. Toiminnan tavoitteena on vastuullinen mets\u00e4stys sek\u00e4 luonnon ja riistakantojen kunnioittaminen. Seura T\u00e4\u00e4lt\u00e4 l\u00f6yd\u00e4t tietoa seurasta, toiminnasta ja j\u00e4senyydest\u00e4. Seura tarjoaa j\u00e4senilleen mahdollisuuden osallistua tapahtumiin ja yhteiseen toimintaan. Kilpailut ja palkitut Seura j\u00e4rjest\u00e4\u00e4 kilpailuja [&hellip;]<\/p>\n","protected":false},"author":1,"featured_media":0,"parent":0,"menu_order":0,"comment_status":"closed","ping_status":"closed","template":"","meta":{"_uag_custom_page_level_css":"","site-sidebar-layout":"no-sidebar","site-content-layout":"page-builder","ast-site-content-layout":"full-width-container","site-content-style":"unboxed","site-sidebar-style":"unboxed","ast-global-header-display":"","ast-banner-title-visibility":"","ast-main-header-display":"","ast-hfb-above-header-display":"","ast-hfb-below-header-display":"","ast-hfb-mobile-header-display":"","site-post-title":"disabled","ast-breadcrumbs-content":"","ast-featured-img":"disabled","footer-sml-layout":"","ast-disable-related-posts":"","theme-transparent-header-meta":"enabled","adv-header-id-meta":"","stick-header-meta":"","header-above-stick-meta":"","header-main-stick-meta":"","header-below-stick-meta":"","astra-migrate-meta-layouts":"set","ast-page-background-enabled":"default","ast-page-background-meta":{"desktop":{"background-color":"var(--ast-global-color-4)","background-image":"","background-repeat":"repeat","background-position":"center center","background-size":"auto","background-attachment":"scroll","background-type":"","background-media":"","overlay-type":"","overlay-color":"","overlay-opacity":"","overlay-gradient":""},"tablet":{"background-color":"","background-image":"","background-repeat":"repeat","background-position":"center center","background-size":"auto","background-attachment":"scroll","background-type":"","background-media":"","overlay-type":"","overlay-color":"","overlay-opacity":"","overlay-gradient":""},"mobile":{"background-color":"","background-image":"","background-repeat":"repeat","background-position":"center center","background-size":"auto","background-attachment":"scroll","background-type":"","background-media":"","overlay-type":"","overlay-color":"","overlay-opacity":"","overlay-gradient":""}},"ast-content-background-meta":{"desktop":{"background-color":"var(--ast-global-color-5)","background-image":"","background-repeat":"repeat","background-position":"center center","background-size":"auto","background-attachment":"scroll","background-type":"","background-media":"","overlay-type":"","overlay-color":"","overlay-opacity":"","overlay-gradient":""},"tablet":{"background-color":"var(--ast-global-color-5)","background-image":"","background-repeat":"repeat","background-position":"center center","background-size":"auto","background-attachment":"scroll","background-type":"","background-media":"","overlay-type":"","overlay-color":"","overlay-opacity":"","overlay-gradient":""},"mobile":{"background-color":"var(--ast-global-color-5)","background-image":"","background-repeat":"repeat","background-position":"center center","background-size":"auto","background-attachment":"scroll","background-type":"","background-media":"","overlay-type":"","overlay-color":"","overlay-opacity":"","overlay-gradient":""}},"footnotes":""},"class_list":["post-1448","page","type-page","status-publish","hentry"],"uagb_featured_image_src":{"full":false,"thumbnail":false,"medium":false,"medium_large":false,"large":false,"1536x1536":false,"2048x2048":false},"uagb_author_info":{"display_name":"Danypoz86","author_link":"https:\/\/daniel.halsuanmetsastysseura.fi\/?author=1"},"uagb_comment_info":0,"uagb_excerpt":"HALSUAN METS\u00c4STYSSEURA RY ILMOITUSTEN LIS\u00c4\u00c4MINEN P\u00e4iv\u00e4m\u00e4\u00e4r\u00e4 Lis\u00e4\u00e4 aika Aika Otsikko Sis\u00e4lt\u00f6 Lis\u00e4\u00e4 Muokkaa Poistu Mets\u00e4stys Seura j\u00e4rjest\u00e4\u00e4 j\u00e4senilleen mets\u00e4styst\u00e4 ja yhteisi\u00e4 tapahtumia. Toiminnan tavoitteena on vastuullinen mets\u00e4stys sek\u00e4 luonnon ja riistakantojen kunnioittaminen. Seura T\u00e4\u00e4lt\u00e4 l\u00f6yd\u00e4t tietoa seurasta, toiminnasta ja j\u00e4senyydest\u00e4. Seura tarjoaa j\u00e4senilleen mahdollisuuden osallistua tapahtumiin ja yhteiseen toimintaan. Kilpailut ja palkitut Seura j\u00e4rjest\u00e4\u00e4 kilpailuja&hellip;","_links":{"self":[{"href":"https:\/\/daniel.halsuanmetsastysseura.fi\/index.php?rest_route=\/wp\/v2\/pages\/1448","targetHints":{"allow":["GET"]}}],"collection":[{"href":"https:\/\/daniel.halsuanmetsastysseura.fi\/index.php?rest_route=\/wp\/v2\/pages"}],"about":[{"href":"https:\/\/daniel.halsuanmetsastysseura.fi\/index.php?rest_route=\/wp\/v2\/types\/page"}],"author":[{"embeddable":true,"href":"https:\/\/daniel.halsuanmetsastysseura.fi\/index.php?rest_route=\/wp\/v2\/users\/1"}],"replies":[{"embeddable":true,"href":"https:\/\/daniel.halsuanmetsastysseura.fi\/index.php?rest_route=%2Fwp%2Fv2%2Fcomments&post=1448"}],"version-history":[{"count":484,"href":"https:\/\/daniel.halsuanmetsastysseura.fi\/index.php?rest_route=\/wp\/v2\/pages\/1448\/revisions"}],"predecessor-version":[{"id":8793,"href":"https:\/\/daniel.halsuanmetsastysseura.fi\/index.php?rest_route=\/wp\/v2\/pages\/1448\/revisions\/8793"}],"wp:attachment":[{"href":"https:\/\/daniel.halsuanmetsastysseura.fi\/index.php?rest_route=%2Fwp%2Fv2%2Fmedia&parent=1448"}],"curies":[{"name":"wp","href":"https:\/\/api.w.org\/{rel}","templated":true}]}}